{"id":1361,"date":"2024-07-12T17:00:07","date_gmt":"2024-07-12T21:00:07","guid":{"rendered":"https:\/\/colemanpark.com\/?page_id=1361"},"modified":"2025-06-26T10:38:44","modified_gmt":"2025-06-26T14:38:44","slug":"raquet-sports","status":"publish","type":"page","link":"https:\/\/colemanpark.com\/es\/raquet-sports\/","title":{"rendered":"Deportes de raqueta"},"content":{"rendered":"\n[et_pb_section fb_built=&#8221;1&#8243; _builder_version=&#8221;4.27.4&#8243; _module_preset=&#8221;default&#8221; background_image=&#8221;https:\/\/colemanpark.com\/wp-content\/uploads\/2025\/06\/pickleball-court-bg.jpg&#8221; height=&#8221;70vh&#8221; hover_enabled=&#8221;0&#8243; global_colors_info=&#8221;{}&#8221; title_text=&#8221;pickleball-court-bg&#8221; background_position=&#8221;bottom_center&#8221; sticky_enabled=&#8221;0&#8243;][\/et_pb_section][et_pb_section fb_built=&#8221;1&#8243; custom_padding_last_edited=&#8221;on|phone&#8221; _builder_version=&#8221;4.24.0&#8243; _module_preset=&#8221;default&#8221; background_color=&#8221;#09403E&#8221; custom_padding=&#8221;1em||1em||false|false&#8221; custom_padding_tablet=&#8221;1em||1em||false|false&#8221; custom_padding_phone=&#8221;0.5em||0.5em||true|false&#8221; border_color_bottom=&#8221;#D9D9D9&#8243; global_colors_info=&#8221;{}&#8221;][et_pb_row _builder_version=&#8221;4.24.0&#8243; _module_preset=&#8221;default&#8221; global_colors_info=&#8221;{}&#8221;][et_pb_column type=&#8221;4_4&#8243; _builder_version=&#8221;4.24.0&#8243; _module_preset=&#8221;default&#8221; global_colors_info=&#8221;{}&#8221;][et_pb_text _builder_version=&#8221;4.26.0&#8243; _dynamic_attributes=&#8221;content&#8221; _module_preset=&#8221;default&#8221; header_text_align=&#8221;center&#8221; background_layout=&#8221;dark&#8221; global_colors_info=&#8221;{}&#8221;]@ET-DC@eyJkeW5hbWljIjp0cnVlLCJjb250ZW50IjoicG9zdF90aXRsZSIsInNldHRpbmdzIjp7ImJlZm9yZSI6IjxoMT4iLCJhZnRlciI6IiBhdCBDb2xlbWFuIE1lbW9yaWFsIFBhcms8L2gxPiJ9fQ==@[\/et_pb_text][\/et_pb_column][\/et_pb_row][\/et_pb_section][et_pb_section fb_built=&#8221;1&#8243; custom_padding_last_edited=&#8221;on|phone&#8221; _builder_version=&#8221;4.24.0&#8243; _module_preset=&#8221;default&#8221; background_enable_color=&#8221;off&#8221; custom_padding=&#8221;2em||2em||true|false&#8221; custom_padding_tablet=&#8221;1em||1em||true|false&#8221; custom_padding_phone=&#8221;1em||1em||true|false&#8221; bottom_divider_height=&#8221;25px&#8221; global_colors_info=&#8221;{}&#8221;][et_pb_row _builder_version=&#8221;4.24.0&#8243; _module_preset=&#8221;default&#8221; custom_padding=&#8221;||2px|||&#8221; global_colors_info=&#8221;{}&#8221;][et_pb_column type=&#8221;4_4&#8243; _builder_version=&#8221;4.24.0&#8243; _module_preset=&#8221;default&#8221; global_colors_info=&#8221;{}&#8221;][et_pb_cta _builder_version=&#8221;4.27.4&#8243; _module_preset=&#8221;default&#8221; body_font=&#8221;||||||||&#8221; body_font_size=&#8221;20px&#8221; body_line_height=&#8221;1.5em&#8221; background_enable_color=&#8221;off&#8221; background_layout=&#8221;light&#8221; custom_padding=&#8221;2px|0px|3px|0px|false|true&#8221; hover_enabled=&#8221;0&#8243; body_text_shadow_style=&#8221;preset1&#8243; body_text_shadow_vertical_length=&#8221;0.07em&#8221; body_text_shadow_blur_strength=&#8221;0.08em&#8221; body_text_shadow_color=&#8221;rgba(0,0,0,0.25)&#8221; border_color_all=&#8221;#09403E&#8221; global_colors_info=&#8221;{}&#8221; sticky_enabled=&#8221;0&#8243;]<p>Coleman Memorial Park offers a Tennis Court, and newly renovated Pickleball Courts.<\/p>[\/et_pb_cta][\/et_pb_column][\/et_pb_row][et_pb_row custom_padding_last_edited=&#8221;on|phone&#8221; _builder_version=&#8221;4.24.0&#8243; custom_padding_tablet=&#8221;||0px||false|false&#8221; custom_padding_phone=&#8221;&#8221; global_colors_info=&#8221;{}&#8221;][et_pb_column type=&#8221;4_4&#8243; _builder_version=&#8221;4.16&#8243; custom_padding=&#8221;|||&#8221; global_colors_info=&#8221;{}&#8221; custom_padding__hover=&#8221;|||&#8221;][et_pb_gallery gallery_ids=&#8221;1364,2340&#8243; posts_number=&#8221;6&#8243; show_title_and_caption=&#8221;off&#8221; show_pagination=&#8221;off&#8221; zoom_icon_color=&#8221;#3E150D&#8221; hover_overlay_color=&#8221;rgba(255,255,255,0.5)&#8221; _builder_version=&#8221;4.27.4&#8243; _module_preset=&#8221;default&#8221; hover_enabled=&#8221;0&#8243; global_colors_info=&#8221;{}&#8221; sticky_enabled=&#8221;0&#8243;][\/et_pb_gallery][\/et_pb_column][\/et_pb_row][et_pb_row column_structure=&#8221;1_2,1_2&#8243; custom_padding_last_edited=&#8221;on|phone&#8221; _builder_version=&#8221;4.24.0&#8243; _module_preset=&#8221;default&#8221; custom_padding_tablet=&#8221;0em||||false|false&#8221; custom_padding_phone=&#8221;&#8221; global_colors_info=&#8221;{}&#8221;][et_pb_column type=&#8221;1_2&#8243; _builder_version=&#8221;4.24.0&#8243; _module_preset=&#8221;default&#8221; global_colors_info=&#8221;{}&#8221;][et_pb_testimonial company_name=&#8221;Rhoda L.&#8221; quote_icon_color=&#8221;#3E150D&#8221; quote_icon_background_color=&#8221;rgba(255,255,255,0.15)&#8221; portrait_width=&#8221;50px&#8221; portrait_height=&#8221;50px&#8221; use_icon_font_size=&#8221;on&#8221; icon_font_size=&#8221;35px&#8221; _builder_version=&#8221;4.26.0&#8243; _module_preset=&#8221;default&#8221; body_font=&#8221;||on||||||&#8221; body_text_align=&#8221;center&#8221; company_font=&#8221;||||||||&#8221; company_line_height=&#8221;1.8em&#8221; background_color=&#8221;rgba(149,98,70,0.75)&#8221; z_index=&#8221;1&#8243; text_orientation=&#8221;center&#8221; background_layout=&#8221;dark&#8221; border_color_all=&#8221;#3E150D&#8221; border_width_bottom=&#8221;5px&#8221; text_shadow_style=&#8221;preset1&#8243; text_shadow_vertical_length=&#8221;0.08em&#8221; text_shadow_blur_strength=&#8221;0.08em&#8221; text_shadow_color=&#8221;RGBA(0,0,0,0.4)&#8221; global_colors_info=&#8221;{}&#8221;]<p>Tennis courts lined for pickleball serve the purpose. Eager for the new pickleball courts that rumor says are coming.<\/p>[\/et_pb_testimonial][\/et_pb_column][et_pb_column type=&#8221;1_2&#8243; _builder_version=&#8221;4.24.0&#8243; _module_preset=&#8221;default&#8221; global_colors_info=&#8221;{}&#8221;][\/et_pb_column][\/et_pb_row][\/et_pb_section]\n","protected":false},"excerpt":{"rendered":"<p>El Parque Memorial Coleman ofrece una cancha de tenis y canchas de pickleball recientemente renovadas. Las canchas de tenis alineadas para pickleball cumplen esta funci\u00f3n. Estamos ansiosos por las nuevas canchas de pickleball que, seg\u00fan los rumores, est\u00e1n por llegar.<\/p>","protected":false},"author":2,"featured_media":1364,"parent":0,"menu_order":0,"comment_status":"closed","ping_status":"closed","template":"","meta":{"_acf_changed":false,"_et_pb_use_builder":"on","_et_pb_old_content":"","_et_gb_content_width":"","_monsterinsights_skip_tracking":false,"_monsterinsights_sitenote_active":false,"_monsterinsights_sitenote_note":"","_monsterinsights_sitenote_category":0,"footnotes":""},"class_list":["post-1361","page","type-page","status-publish","has-post-thumbnail","hentry"],"acf":[],"_links":{"self":[{"href":"https:\/\/colemanpark.com\/es\/wp-json\/wp\/v2\/pages\/1361","targetHints":{"allow":["GET"]}}],"collection":[{"href":"https:\/\/colemanpark.com\/es\/wp-json\/wp\/v2\/pages"}],"about":[{"href":"https:\/\/colemanpark.com\/es\/wp-json\/wp\/v2\/types\/page"}],"author":[{"embeddable":true,"href":"https:\/\/colemanpark.com\/es\/wp-json\/wp\/v2\/users\/2"}],"replies":[{"embeddable":true,"href":"https:\/\/colemanpark.com\/es\/wp-json\/wp\/v2\/comments?post=1361"}],"version-history":[{"count":8,"href":"https:\/\/colemanpark.com\/es\/wp-json\/wp\/v2\/pages\/1361\/revisions"}],"predecessor-version":[{"id":2345,"href":"https:\/\/colemanpark.com\/es\/wp-json\/wp\/v2\/pages\/1361\/revisions\/2345"}],"wp:featuredmedia":[{"embeddable":true,"href":"https:\/\/colemanpark.com\/es\/wp-json\/wp\/v2\/media\/1364"}],"wp:attachment":[{"href":"https:\/\/colemanpark.com\/es\/wp-json\/wp\/v2\/media?parent=1361"}],"curies":[{"name":"gracias","href":"https:\/\/api.w.org\/{rel}","templated":true}]}}